{"id":971,"date":"2025-10-04T16:23:26","date_gmt":"2025-10-04T16:23:26","guid":{"rendered":"https:\/\/pompierslalouviere.be\/?post_type=product&#038;p=971"},"modified":"2025-10-14T16:24:11","modified_gmt":"2025-10-14T16:24:11","slug":"calendrier-2026-sapeurs-pompiers-de-la-louviere","status":"publish","type":"product","link":"https:\/\/pompierslalouviere.be\/index.php\/product\/calendrier-2026-sapeurs-pompiers-de-la-louviere\/","title":{"rendered":"Calendrier 2026 &#8211; Sapeurs Pompiers de La Louvi\u00e8re"},"content":{"rendered":"<p><strong>Le grand retour attendu<\/strong> \u2014 chaque mois, une page qui c\u00e9l\u00e8bre le courage, la fraternit\u00e9 et l\u2019humanit\u00e9 des pompiers. \u00a0Notre calendrier 28 pages a \u00e9t\u00e9 con\u00e7u pour offrir un rendu soign\u00e9, moderne et <strong>d\u00e9licieusement suggestif<\/strong> : certains de nos coll\u00e8gues ont pos\u00e9 torse nu, dans une mise en sc\u00e8ne \u00e9l\u00e9gante et respectueuse \u2014 sexy sans jamais basculer dans la vulgarit\u00e9.<\/p>\n<p><strong>Pourquoi ce calendrier ?<\/strong><\/p>\n<ul>\n<li>Un objet collector, beau et utile : parfait pour la caserne, le bureau ou comme cadeau.<\/li>\n<li>Un geste concret : <strong>1\u20ac revers\u00e9 par exemplaire \u00e0 l\u2019\u0153uvre caritative choisie par le pompier vendeur<\/strong>.<\/li>\n<li>Un hommage aux familles : une fa\u00e7on de remercier les proches des pompiers lors des f\u00eates (Saint\u2011Nicolas, P\u00e2ques, f\u00eates familiales).<\/li>\n<li>Am\u00e9lioration du quotidien en caserne : les b\u00e9n\u00e9fices participent indirectement \u00e0 am\u00e9liorer le confort des \u00e9quipes.<\/li>\n<\/ul>\n<p><strong>Qualit\u00e9 d\u2019impression &amp; finition :<\/strong><\/p>\n<p>Chaque exemplaire est imprim\u00e9 en full color recto\u2011verso sur papier LuxoArt Silk 170 g\/m\u00b2 pour un toucher premium et un rendu des couleurs fid\u00e8le. Finition professionnelle : coupe, pliage, deux agrafes, un trou central pour accrocher, et emballage soign\u00e9.<\/p>\n<p><strong>Commandez maintenant pour recevoir un calendrier haut de gamme, beau \u00e0 regarder et utile au quotidien \u2014 et pour soutenir une bonne cause.<\/strong><\/p>\n","protected":false},"excerpt":{"rendered":"<p>Le grand retour attendu \u2014 chaque mois, une page qui c\u00e9l\u00e8bre le courage, la fraternit\u00e9 et l\u2019humanit\u00e9 des pompiers. \u00a0Notre calendrier 28 pages a \u00e9t\u00e9 con\u00e7u pour offrir un rendu soign\u00e9, moderne et d\u00e9licieusement suggestif : certains de nos coll\u00e8gues ont pos\u00e9 torse nu, dans une mise en sc\u00e8ne \u00e9l\u00e9gante et respectueuse \u2014 sexy sans [&hellip;]<\/p>\n","protected":false},"featured_media":979,"comment_status":"open","ping_status":"closed","template":"","meta":{"_et_pb_use_builder":"","_et_pb_old_content":"","_et_gb_content_width":""},"product_brand":[],"product_cat":[24],"product_tag":[],"class_list":{"0":"post-971","1":"product","2":"type-product","3":"status-publish","4":"has-post-thumbnail","6":"product_cat-calendrier","8":"first","9":"instock","10":"shipping-taxable","11":"purchasable","12":"product-type-simple"},"_links":{"self":[{"href":"https:\/\/pompierslalouviere.be\/index.php\/wp-json\/wp\/v2\/product\/971","targetHints":{"allow":["GET"]}}],"collection":[{"href":"https:\/\/pompierslalouviere.be\/index.php\/wp-json\/wp\/v2\/product"}],"about":[{"href":"https:\/\/pompierslalouviere.be\/index.php\/wp-json\/wp\/v2\/types\/product"}],"replies":[{"embeddable":true,"href":"https:\/\/pompierslalouviere.be\/index.php\/wp-json\/wp\/v2\/comments?post=971"}],"wp:featuredmedia":[{"embeddable":true,"href":"https:\/\/pompierslalouviere.be\/index.php\/wp-json\/wp\/v2\/media\/979"}],"wp:attachment":[{"href":"https:\/\/pompierslalouviere.be\/index.php\/wp-json\/wp\/v2\/media?parent=971"}],"wp:term":[{"taxonomy":"product_brand","embeddable":true,"href":"https:\/\/pompierslalouviere.be\/index.php\/wp-json\/wp\/v2\/product_brand?post=971"},{"taxonomy":"product_cat","embeddable":true,"href":"https:\/\/pompierslalouviere.be\/index.php\/wp-json\/wp\/v2\/product_cat?post=971"},{"taxonomy":"product_tag","embeddable":true,"href":"https:\/\/pompierslalouviere.be\/index.php\/wp-json\/wp\/v2\/product_tag?post=971"}],"curies":[{"name":"wp","href":"https:\/\/api.w.org\/{rel}","templated":true}]}}